{"id":2,"date":"2024-02-18T02:05:59","date_gmt":"2024-02-18T02:05:59","guid":{"rendered":"http:\/\/blog.welfenpoker.de\/?page_id=2"},"modified":"2025-08-04T12:32:33","modified_gmt":"2025-08-04T12:32:33","slug":"about","status":"publish","type":"page","link":"http:\/\/blog.welfenpoker.de\/?page_id=2","title":{"rendered":"Impressum"},"content":{"rendered":"\n<p>Impressum gem\u00e4\u00df \u00a76 Teledienstegesetz (TDG), \u00a76 Mediendienste-Staatsvertrag (MDSTv)<\/p>\n\n\n\n<p>und \u00a74 Abs. 3 Bundesdatenschutzgesetz (BDSG)<\/p>\n\n\n\n<p>Verantwortlich f\u00fcr die Inhalte dieser Seiten, Internetkonzept und Design:<\/p>\n\n\n\n<p>welfenpoker.de * Marcus Maschke * Am Queckenberg 28 *38120 Braunschweig<\/p>\n\n\n\n<p>Telefon: 0176\/47865141<\/p>\n\n\n\n<p>E-mail: info@welfenpoker.de<\/p>\n\n\n\n<p>Haftungsausschluss<\/p>\n\n\n\n<p>Wir \u00fcbernehmen keinerlei Gew\u00e4hr f\u00fcr die Aktualit\u00e4t, Korrektheit, Vollst\u00e4ndigkeit oder Qualit\u00e4t der bereitgestellten Informationen. Haftungsanspr\u00fcche gegen uns, die sich auf Sch\u00e4den materieller oder ideeller Art beziehen, welche durch die Nutzung oder Nichtnutzung der dargebotenen Informationen, Programmen etc. bzw. durch die Nutzung fehlerhafter und unvollst\u00e4ndiger Informationen verursacht wurden sind grunds\u00e4tzlich ausgeschlossen, sofern kein nachweislich vors\u00e4tzliches oder grob fahrl\u00e4ssiges Verschulden durch uns vorliegt.<\/p>\n\n\n\n<p>Wir behalten es uns ausdr\u00fccklich vor, Teile der Seiten oder das gesamte Angebot ohne gesonderte Ank\u00fcndigung zu ver\u00e4ndern, zu erg\u00e4nzen, zu l\u00f6schen oder die Ver\u00f6ffentlichung zeitweise oder endg\u00fcltig einzustellen.<\/p>\n\n\n\n<p>Aus der Ver\u00f6ffentlichung kann nicht entnommen werden, dass die verwendeten Bezeichnungen frei von Rechten Dritter sind!<\/p>\n\n\n\n<p>F\u00fcr den Fall, dass auf unseren Seiten unzutreffende Informationen und\/oder Fehler enthalten sowie Rechte Dritter verletzt sein sollten, kommt eine Haftung nur bei nachgewiesenem grob fahrl\u00e4ssigen Verhalten in Betracht.Unsere Webseiten enthalten Links zu anderen Internetseiten. F\u00fcr den Inhalt der &#8222;gelinkten&#8220; Seiten sind wir nicht verantwortlich! Wir erkl\u00e4ren ausdr\u00fccklich, dass wir keinerlei Einfluss auf die Gestaltung und die Inhalte der gelinkten Seiten haben. Unter Umst\u00e4nden k\u00f6nnen Sie auf Internetseiten kommen oder \u00fcber weiterf\u00fchrenden Links zu Internetseiten kommen, die urheberrechtlich gesch\u00fctztes Material, verfassungs- bzw. gesetzeswidrige Texte, Grafiken etc. enthalten.<\/p>\n\n\n\n<p>Deshalb distanzieren wir uns hiermit ausdr\u00fccklich von allen Inhalten aller gelinkten Seiten auf unserer Homepage und machen uns deren Inhalte nicht zu Eigen. Dies gilt insbesondere f\u00fcr Links, die von Dritten gesetzt wurden, wie z.B. im G\u00e4stebuch oder im Online-Forum. Diese Erkl\u00e4rung gilt f\u00fcr alle auf den Seiten der welfenpoker.de angezeigten Links und f\u00fcr alle Inhalte der Seiten, zu denen die bei uns sichtbaren Banner, Buttons und Links f\u00fchren.<\/p>\n","protected":false},"excerpt":{"rendered":"<p>Impressum gem\u00e4\u00df \u00a76 Teledienstegesetz (TDG), \u00a76 Mediendienste-Staatsvertrag (MDSTv) und \u00a74 Abs. 3 Bundesdatenschutzgesetz (BDSG) Verantwortlich f\u00fcr die Inhalte dieser Seiten, Internetkonzept und Design: welfenpoker.de * Marcus Maschke * Am Queckenberg 28 *38120 Braunschweig Telefon: 0176\/47865141 E-mail: info@welfenpoker.de Haftungsausschluss Wir \u00fcbernehmen keinerlei Gew\u00e4hr f\u00fcr die Aktualit\u00e4t, Korrektheit, Vollst\u00e4ndigkeit oder Qualit\u00e4t der bereitgestellten Informationen. Haftungsanspr\u00fcche gegen uns, [&hellip;]<\/p>\n","protected":false},"author":1,"featured_media":0,"parent":0,"menu_order":0,"comment_status":"open","ping_status":"open","template":"","meta":{"footnotes":""},"class_list":["post-2","page","type-page","status-publish","hentry"],"_links":{"self":[{"href":"http:\/\/blog.welfenpoker.de\/index.php?rest_route=\/wp\/v2\/pages\/2","targetHints":{"allow":["GET"]}}],"collection":[{"href":"http:\/\/blog.welfenpoker.de\/index.php?rest_route=\/wp\/v2\/pages"}],"about":[{"href":"http:\/\/blog.welfenpoker.de\/index.php?rest_route=\/wp\/v2\/types\/page"}],"author":[{"embeddable":true,"href":"http:\/\/blog.welfenpoker.de\/index.php?rest_route=\/wp\/v2\/users\/1"}],"replies":[{"embeddable":true,"href":"http:\/\/blog.welfenpoker.de\/index.php?rest_route=%2Fwp%2Fv2%2Fcomments&post=2"}],"version-history":[{"count":2,"href":"http:\/\/blog.welfenpoker.de\/index.php?rest_route=\/wp\/v2\/pages\/2\/revisions"}],"predecessor-version":[{"id":4376,"href":"http:\/\/blog.welfenpoker.de\/index.php?rest_route=\/wp\/v2\/pages\/2\/revisions\/4376"}],"wp:attachment":[{"href":"http:\/\/blog.welfenpoker.de\/index.php?rest_route=%2Fwp%2Fv2%2Fmedia&parent=2"}],"curies":[{"name":"wp","href":"https:\/\/api.w.org\/{rel}","templated":true}]}}